{"id":722,"date":"2022-01-28T10:26:23","date_gmt":"2022-01-28T10:26:23","guid":{"rendered":"https:\/\/startersites.io\/elementor\/justice\/?page_id=3"},"modified":"2024-11-15T15:43:19","modified_gmt":"2024-11-15T14:43:19","slug":"privacy-policy","status":"publish","type":"page","link":"https:\/\/deletrecouverture.fr\/index.php\/privacy-policy\/","title":{"rendered":"Mentions Legales"},"content":{"rendered":"\t\t<div data-elementor-type=\"wp-page\" data-elementor-id=\"722\" class=\"elementor elementor-722\">\n\t\t\t\t<div data-particle_enable=\"false\" data-particle-mobile-disabled=\"false\" class=\"elementor-element elementor-element-4cd969ad e-flex e-con-boxed e-con e-parent\" data-id=\"4cd969ad\" data-element_type=\"container\">\n\t\t\t\t\t<div class=\"e-con-inner\">\n\t\t\t\t<div class=\"elementor-element elementor-element-5bf92968 elementor-widget elementor-widget-text-editor\" data-id=\"5bf92968\" data-element_type=\"widget\" data-widget_type=\"text-editor.default\">\n\t\t\t\t<div class=\"elementor-widget-container\">\n\t\t\t\t\t\t\t<h3 style=\"font-family: 'Open Sans', sans-serif; font-weight: normal; line-height: 1.1; color: #333333; margin-top: 20px; margin-bottom: 10px; font-size: 24px; font-style: normal; letter-spacing: normal; text-align: start; text-transform: none; text-decoration-thickness: initial; text-decoration-style: initial; text-decoration-color: initial;\">Propri\u00e9t\u00e9s intellectuelles<\/h3>\n<p style=\"margin-bottom: 10px; color: #333333; font-family: 'Open Sans', sans-serif; font-size: 14px; text-align: start;\">Toute reproduction ou distribution non autoris\u00e9e de tout ou partie des \u00e9l\u00e9ments et informations de ce site est interdite. Le contenu est disponible pour un usage priv\u00e9 et non collectif.<\/p>\n<p style=\"margin-bottom: 10px; color: #333333; font-family: 'Open Sans', sans-serif; font-size: 14px; text-align: start;\">Le code de la propri\u00e9t\u00e9 intellectuelle n&rsquo;autorisant, aux termes de l&rsquo;article L. 122-5.2\u00b0 et 3\u00b0a, d&rsquo;une part, que les \u00ab\u00a0copies ou reproductions strictement r\u00e9serv\u00e9es \u00e0 l&rsquo;usage priv\u00e9 du copiste et non destin\u00e9es \u00e0 une utilisation collective\u00a0\u00bb et, d&rsquo;autre part, que les analyses et les courtes citations dans un but d&rsquo;exemple et d&rsquo;illustration, \u00ab\u00a0toute repr\u00e9sentation ou reproduction int\u00e9grale ou partielle faite sans le consentement de l&rsquo;auteur ou de ses ayants droit ou ayants cause est illicite\u00a0\u00bb (art. L. 122-4). Cette repr\u00e9sentation ou reproduction, par quelque proc\u00e9d\u00e9 que ce soit constituerait donc une contrefa\u00e7on sanctionn\u00e9e par les articles L. 335-2 et suivants du code de la propri\u00e9t\u00e9 intellectuelle.<\/p>\n<h3 style=\"font-family: 'Open Sans', sans-serif; font-weight: normal; line-height: 1.1; color: #333333; margin-top: 20px; margin-bottom: 10px; font-size: 24px; font-style: normal; letter-spacing: normal; text-align: start; text-transform: none; text-decoration-thickness: initial; text-decoration-style: initial; text-decoration-color: initial;\">Bases de donn\u00e9es<\/h3>\n<p style=\"margin-bottom: 10px; color: #333333; font-family: 'Open Sans', sans-serif; font-size: 14px; text-align: start;\">Conform\u00e9ment aux dispositions de la loi n\u00b0 98-536 du 1er juillet 1998 portant transposition dans le code de la propri\u00e9t\u00e9 intellectuelle de la directive 96\/9 CE du 11 mars 1996 concernant la protection juridique des bases de donn\u00e9es, Mr Laurent Deletr\u00e9 est producteur et propri\u00e9taire de tout ou partie des bases de donn\u00e9es composant le pr\u00e9sent site.<\/p>\n<p style=\"margin-bottom: 10px; color: #333333; font-family: 'Open Sans', sans-serif; font-size: 14px; text-align: start;\">En acc\u00e9dant au pr\u00e9sent site, vous reconnaissez que les donn\u00e9es le composant sont l\u00e9galement prot\u00e9g\u00e9es, et, conform\u00e9ment aux dispositions de la loi du 01\/07\/98 pr\u00e9cit\u00e9e, il vous est interdit notamment d&rsquo;extraire, r\u00e9utiliser, stocker, reproduire, repr\u00e9senter ou conserver, directement ou indirectement, sur un support quelconque, par tout moyen et sous toute forme que ce soit, tout ou partie qualitativement ou quantitativement substantielle, du contenu des bases de donn\u00e9es figurant au site auquel vous acc\u00e9dez ainsi que d&rsquo;en faire l&rsquo;extraction ou la r\u00e9utilisation r\u00e9p\u00e9t\u00e9e et syst\u00e9matique de parties qualitativement et quantitativement non substantielles lorsque ces op\u00e9rations exc\u00e8dent manifestement les conditions d&rsquo;utilisation normale.<\/p>\n<h3 style=\"font-family: 'Open Sans', sans-serif; font-weight: normal; line-height: 1.1; color: #333333; margin-top: 20px; margin-bottom: 10px; font-size: 24px; font-style: normal; letter-spacing: normal; text-align: start; text-transform: none; text-decoration-thickness: initial; text-decoration-style: initial; text-decoration-color: initial;\">Informatiques et libert\u00e9s (CNIL)<\/h3>\n<p style=\"margin-bottom: 10px; color: #333333; font-family: 'Open Sans', sans-serif; font-size: 14px; text-align: start;\">Vous pouvez envoyer des donn\u00e9es vous concernant par ce site \u00e0 Mr Laurent Deletr\u00e9.<\/p>\n<p style=\"margin-bottom: 10px; color: #333333; font-family: 'Open Sans', sans-serif; font-size: 14px; text-align: start;\">Conform\u00e9ment \u00e0 la loi informatique et libert\u00e9s du 6 janvier 1978, vous disposez d&rsquo;un droit d&rsquo;acc\u00e8s et de rectification aux informations nominatives vous concernant en \u00e9crivant a&nbsp;<span style=\"text-align: var(--text-align); background-color: var(--theme-palette-color-7); font-style: var(--theme-font-style, inherit); font-variant-ligatures: inherit; font-variant-caps: inherit; font-weight: var(--theme-font-weight); letter-spacing: var(--theme-letter-spacing); text-transform: var(--theme-text-transform);\">Mr Laurent Deletr\u00e9<\/span><span style=\"font-style: inherit; font-variant-ligatures: inherit; font-variant-caps: inherit; font-weight: inherit; background-color: var(--theme-palette-color-7); letter-spacing: var(--theme-letter-spacing); text-transform: var(--theme-text-transform);\">,&nbsp;<\/span><span style=\"font-style: inherit; font-variant-ligatures: inherit; font-variant-caps: inherit; font-weight: inherit; background-color: var(--theme-palette-color-7); letter-spacing: var(--theme-letter-spacing); text-transform: var(--theme-text-transform);\"><a style=\"background-color: transparent; color: #f4be53; transition: color 400ms, background-color 400ms;\" href=\"mailto:contact@koupat-rabbimeirbaalhaness.org\">contact@koupat-rabbimeirbaalhaness.org<\/a><\/span><\/p>\n<h3 style=\"font-family: 'Open Sans', sans-serif; font-weight: normal; line-height: 1.1; color: #333333; margin-top: 20px; margin-bottom: 10px; font-size: 24px; font-style: normal; letter-spacing: normal; text-align: start; text-transform: none; text-decoration-thickness: initial; text-decoration-style: initial; text-decoration-color: initial;\">Marques et logos, liens hypertextes<\/h3>\n<p style=\"margin-bottom: 10px; color: #333333; font-family: 'Open Sans', sans-serif; font-size: 14px; text-align: start;\">Toute utilisation quelle qu&rsquo;elle soit des noms de marques et logos de ce site est interdite sans l&rsquo;autorisation de&nbsp;<span style=\"text-align: var(--text-align); background-color: var(--theme-palette-color-7); font-style: var(--theme-font-style, inherit); font-variant-ligatures: inherit; font-variant-caps: inherit; font-weight: var(--theme-font-weight); letter-spacing: var(--theme-letter-spacing); text-transform: var(--theme-text-transform);\">Mr Laurent Deletr\u00e9<\/span><span style=\"font-style: inherit; font-variant-ligatures: inherit; font-variant-caps: inherit; font-weight: inherit; background-color: var(--theme-palette-color-7); letter-spacing: var(--theme-letter-spacing); text-transform: var(--theme-text-transform);\">. De m\u00eame tous liens hypertextes visant ce site sont soumis \u00e0 autorisation pr\u00e9alable.<\/span><\/p>\n<h3 style=\"font-family: 'Open Sans', sans-serif; font-weight: normal; line-height: 1.1; color: #333333; margin-top: 20px; margin-bottom: 10px; font-size: 24px; font-style: normal; letter-spacing: normal; text-align: start; text-transform: none; text-decoration-thickness: initial; text-decoration-style: initial; text-decoration-color: initial;\">Exploitation des informations<\/h3>\n<p style=\"margin-bottom: 10px; color: #333333; font-family: 'Open Sans', sans-serif; font-size: 14px; text-align: start;\">Malgr\u00e9 le soin apport\u00e9 au traitement des informations, Mr Laurent Deletr\u00e9&nbsp;d\u00e9cline toute responsabilit\u00e9 concernant les erreurs ou omissions portant sur les informations diffus\u00e9es sur ce site.<\/p>\n<p style=\"margin-bottom: 10px; color: #333333; font-family: 'Open Sans', sans-serif; font-size: 14px; text-align: start;\"><span style=\"text-align: var(--text-align); background-color: var(--theme-palette-color-7); font-style: var(--theme-font-style, inherit); font-variant-ligatures: inherit; font-variant-caps: inherit; font-weight: var(--theme-font-weight); letter-spacing: var(--theme-letter-spacing); text-transform: var(--theme-text-transform);\">Mr Laurent Deletr\u00e9<\/span>&nbsp;ne peut \u00eatre tenue responsable de l&rsquo;interpr\u00e9tation des informations contenues dans ce site, ni des cons\u00e9quences de leur utilisation.<\/p>\t\t\t\t\t\t<\/div>\n\t\t\t\t<\/div>\n\t\t\t\t\t<\/div>\n\t\t\t\t<\/div>\n\t\t\t\t<\/div>\n\t\t","protected":false},"excerpt":{"rendered":"<p>Propri\u00e9t\u00e9s intellectuelles Toute reproduction ou distribution non autoris\u00e9e de tout ou partie des \u00e9l\u00e9ments et informations de ce site est interdite. Le contenu est disponible pour un usage priv\u00e9 et non collectif. Le code de la propri\u00e9t\u00e9 intellectuelle n&rsquo;autorisant, aux termes de l&rsquo;article L. 122-5.2\u00b0 et 3\u00b0a, d&rsquo;une part, que les \u00ab\u00a0copies ou reproductions strictement [&hellip;]<\/p>\n","protected":false},"author":1,"featured_media":0,"parent":0,"menu_order":0,"comment_status":"closed","ping_status":"open","template":"","meta":{"footnotes":""},"class_list":["post-722","page","type-page","status-publish","hentry"],"blocksy_meta":[],"_links":{"self":[{"href":"https:\/\/deletrecouverture.fr\/index.php\/wp-json\/wp\/v2\/pages\/722","targetHints":{"allow":["GET"]}}],"collection":[{"href":"https:\/\/deletrecouverture.fr\/index.php\/wp-json\/wp\/v2\/pages"}],"about":[{"href":"https:\/\/deletrecouverture.fr\/index.php\/wp-json\/wp\/v2\/types\/page"}],"author":[{"embeddable":true,"href":"https:\/\/deletrecouverture.fr\/index.php\/wp-json\/wp\/v2\/users\/1"}],"replies":[{"embeddable":true,"href":"https:\/\/deletrecouverture.fr\/index.php\/wp-json\/wp\/v2\/comments?post=722"}],"version-history":[{"count":9,"href":"https:\/\/deletrecouverture.fr\/index.php\/wp-json\/wp\/v2\/pages\/722\/revisions"}],"predecessor-version":[{"id":2232,"href":"https:\/\/deletrecouverture.fr\/index.php\/wp-json\/wp\/v2\/pages\/722\/revisions\/2232"}],"wp:attachment":[{"href":"https:\/\/deletrecouverture.fr\/index.php\/wp-json\/wp\/v2\/media?parent=722"}],"curies":[{"name":"wp","href":"https:\/\/api.w.org\/{rel}","templated":true}]}}